{"id":42,"date":"2025-04-04T22:06:48","date_gmt":"2025-04-04T20:06:48","guid":{"rendered":"https:\/\/www.siprum.cz\/?page_id=42"},"modified":"2026-03-10T15:51:29","modified_gmt":"2026-03-10T14:51:29","slug":"kontakt","status":"publish","type":"page","link":"https:\/\/www.siprum.cz\/index.php\/kontakt\/","title":{"rendered":"Kontakty"},"content":{"rendered":"\n<div class=\"wp-block-columns is-layout-flex wp-container-core-columns-is-layout-9d6595d7 wp-block-columns-is-layout-flex\">\n<div class=\"wp-block-column is-layout-flow wp-block-column-is-layout-flow\">\n<p><b>Veden\u00ed spole\u010dnosti<\/b><\/p>\n<p>Alexandr Mu\u0161ta &#8211;\u00a0<em>Jednatel, CEO<\/em><\/p>\n<p>Tel.: +420 770 670 240<\/p>\n<p>E-mail: alexandr.musta@siprum.cz<\/p>\n<\/div>\n\n\n\n<div class=\"wp-block-column is-layout-flow wp-block-column-is-layout-flow\">\n<p>&nbsp;<\/p>\n<p>Barbora Mu\u0161tov\u00e1 &#8211; <em>Asistentka jednatele<\/em><\/p>\n<p>Tel.: +420 775 475 122<\/p>\n<p>E-mail: barbora.mustova@siprum.cz<\/p>\n<\/div>\n<\/div>\n\n\n\n<div class=\"wp-block-columns is-layout-flex wp-container-core-columns-is-layout-9d6595d7 wp-block-columns-is-layout-flex\">\n<div class=\"wp-block-column is-layout-flow wp-block-column-is-layout-flow\">\n<p><strong>Obchodn\u00ed odd\u011blen\u00ed<\/strong><\/p>\n<p>Tel.: +420 770 670 240<\/p>\n<p>E-mail.: poptavky@siprum.cz<\/p>\n<\/div>\n\n\n\n<div class=\"wp-block-column is-layout-flow wp-block-column-is-layout-flow\"><\/div>\n<\/div>\n\n\n\n<div class=\"wp-block-columns is-layout-flex wp-container-core-columns-is-layout-9d6595d7 wp-block-columns-is-layout-flex\">\n<div class=\"wp-block-column is-layout-flow wp-block-column-is-layout-flow\">\n<p><strong>V\u00fdrobn\u00ed odd\u011blen\u00ed<\/strong><\/p>\n<p>Ond\u0159ej \u0160mat &#8211; <em>Vedouc\u00ed v\u00fdroby a mont\u00e1\u017ee<\/em><\/p>\n<p>Tel.: +420 720 383 036<\/p>\n<p>E-mail: vyroba@siprum.cz<\/p>\n<\/div>\n\n\n\n<div class=\"wp-block-column is-layout-flow wp-block-column-is-layout-flow\"><\/div>\n<\/div>\n\n\n\n<div class=\"wp-block-columns is-layout-flex wp-container-core-columns-is-layout-9d6595d7 wp-block-columns-is-layout-flex\">\n<div class=\"wp-block-column is-layout-flow wp-block-column-is-layout-flow\">\n<p><strong>S\u00eddlo<\/strong><\/p>\n<p>SIPRUM s.r.o.<\/p>\n<p>Pob\u0159e\u017en\u00ed 249\/46, Karl\u00edn<\/p>\n<p>186 00 Praha 8<\/p>\n<p><strong>I\u010c: 23104767<\/strong><\/p>\n<p><strong>DI\u010c: CZ23104767<\/strong><\/p>\n<p>E-mail: info@siprum.cz<\/p>\n<p>Va\u0161e vystaven\u00e9 faktury zas\u00edlejte na E-mail: fakturace@siprum.cz<\/p>\n<\/div>\n\n\n\n<div class=\"wp-block-column is-layout-flow wp-block-column-is-layout-flow\">\n<p><strong>Sklad<\/strong><\/p>\n<p>t\u0159. Budovatel\u016f 2830, 434 01 Most 1<\/p>\n<p>Tel.: +420 770 670 240<\/p>\n<\/div>\n<\/div>\n\n\n<p style=\"text-align: center;\">Nev\u00e1hejte n\u00e1s kontaktovat je\u0161t\u011b dnes na telefonn\u00edm \u010d\u00edsle<strong data-start=\"870\" data-end=\"924\"> +420 770 670 240<\/strong><br data-start=\"924\" data-end=\"927\" \/><\/p>\n\n\n<p><\/p>\n","protected":false},"excerpt":{"rendered":"<p>Veden\u00ed spole\u010dnosti Alexandr Mu\u0161ta &#8211;\u00a0Jednatel, CEO Tel.: +420 770 670 240 E-mail: alexandr.musta@siprum.cz &nbsp; Barbora Mu\u0161tov\u00e1 &#8211; Asistentka jednatele Tel.: +420 775 475 122 E-mail: barbora.mustova@siprum.cz Obchodn\u00ed odd\u011blen\u00ed Tel.: +420 770 670 240 E-mail.: poptavky@siprum.cz V\u00fdrobn\u00ed odd\u011blen\u00ed Ond\u0159ej \u0160mat &#8211; Vedouc\u00ed v\u00fdroby a mont\u00e1\u017ee Tel.: +420 720 383 036 E-mail: vyroba@siprum.cz S\u00eddlo SIPRUM s.r.o. Pob\u0159e\u017en\u00ed &#8230; <a title=\"Kontakty\" class=\"read-more\" href=\"https:\/\/www.siprum.cz\/index.php\/kontakt\/\" aria-label=\"\u010c\u00edst v\u00edce o Kontakty\">\u010c\u00edst d\u00e1l<\/a><\/p>\n","protected":false},"author":1,"featured_media":0,"parent":0,"menu_order":6,"comment_status":"closed","ping_status":"closed","template":"","meta":{"footnotes":""},"class_list":["post-42","page","type-page","status-publish"],"yoast_head":"<!-- This site is optimized with the Yoast SEO plugin v27.5 - https:\/\/yoast.com\/product\/yoast-seo-wordpress\/ -->\n<title>Kontakty -<\/title>\n<meta name=\"robots\" content=\"index, follow, max-snippet:-1, max-image-preview:large, max-video-preview:-1\" \/>\n<link rel=\"canonical\" href=\"https:\/\/www.siprum.cz\/index.php\/kontakt\/\" \/>\n<meta property=\"og:locale\" content=\"cs_CZ\" \/>\n<meta property=\"og:type\" content=\"article\" \/>\n<meta property=\"og:title\" content=\"Kontakty -\" \/>\n<meta property=\"og:description\" content=\"Veden\u00ed spole\u010dnosti Alexandr Mu\u0161ta &#8211;\u00a0Jednatel, CEO Tel.: +420 770 670 240 E-mail: alexandr.musta@siprum.cz &nbsp; Barbora Mu\u0161tov\u00e1 &#8211; Asistentka jednatele Tel.: +420 775 475 122 E-mail: barbora.mustova@siprum.cz Obchodn\u00ed odd\u011blen\u00ed Tel.: +420 770 670 240 E-mail.: poptavky@siprum.cz V\u00fdrobn\u00ed odd\u011blen\u00ed Ond\u0159ej \u0160mat &#8211; Vedouc\u00ed v\u00fdroby a mont\u00e1\u017ee Tel.: +420 720 383 036 E-mail: vyroba@siprum.cz S\u00eddlo SIPRUM s.r.o. Pob\u0159e\u017en\u00ed ... \u010c\u00edst d\u00e1l\" \/>\n<meta property=\"og:url\" content=\"https:\/\/www.siprum.cz\/index.php\/kontakt\/\" \/>\n<meta property=\"article:modified_time\" content=\"2026-03-10T14:51:29+00:00\" \/>\n<meta name=\"twitter:card\" content=\"summary_large_image\" \/>\n<meta name=\"twitter:label1\" content=\"Odhadovan\u00e1 doba \u010dten\u00ed\" \/>\n\t<meta name=\"twitter:data1\" content=\"1 minuta\" \/>\n<script type=\"application\/ld+json\" class=\"yoast-schema-graph\">{\"@context\":\"https:\\\/\\\/schema.org\",\"@graph\":[{\"@type\":\"WebPage\",\"@id\":\"https:\\\/\\\/www.siprum.cz\\\/index.php\\\/kontakt\\\/\",\"url\":\"https:\\\/\\\/www.siprum.cz\\\/index.php\\\/kontakt\\\/\",\"name\":\"Kontakty -\",\"isPartOf\":{\"@id\":\"https:\\\/\\\/www.siprum.cz\\\/#website\"},\"datePublished\":\"2025-04-04T20:06:48+00:00\",\"dateModified\":\"2026-03-10T14:51:29+00:00\",\"breadcrumb\":{\"@id\":\"https:\\\/\\\/www.siprum.cz\\\/index.php\\\/kontakt\\\/#breadcrumb\"},\"inLanguage\":\"cs\",\"potentialAction\":[{\"@type\":\"ReadAction\",\"target\":[\"https:\\\/\\\/www.siprum.cz\\\/index.php\\\/kontakt\\\/\"]}]},{\"@type\":\"BreadcrumbList\",\"@id\":\"https:\\\/\\\/www.siprum.cz\\\/index.php\\\/kontakt\\\/#breadcrumb\",\"itemListElement\":[{\"@type\":\"ListItem\",\"position\":1,\"name\":\"Dom\u016f\",\"item\":\"https:\\\/\\\/www.siprum.cz\\\/\"},{\"@type\":\"ListItem\",\"position\":2,\"name\":\"Kontakty\"}]},{\"@type\":\"WebSite\",\"@id\":\"https:\\\/\\\/www.siprum.cz\\\/#website\",\"url\":\"https:\\\/\\\/www.siprum.cz\\\/\",\"name\":\"SIPRUM\",\"description\":\"\",\"publisher\":{\"@id\":\"https:\\\/\\\/www.siprum.cz\\\/#organization\"},\"potentialAction\":[{\"@type\":\"SearchAction\",\"target\":{\"@type\":\"EntryPoint\",\"urlTemplate\":\"https:\\\/\\\/www.siprum.cz\\\/?s={search_term_string}\"},\"query-input\":{\"@type\":\"PropertyValueSpecification\",\"valueRequired\":true,\"valueName\":\"search_term_string\"}}],\"inLanguage\":\"cs\"},{\"@type\":\"Organization\",\"@id\":\"https:\\\/\\\/www.siprum.cz\\\/#organization\",\"name\":\"SIPRUM s.r.o.\",\"url\":\"https:\\\/\\\/www.siprum.cz\\\/\",\"logo\":{\"@type\":\"ImageObject\",\"inLanguage\":\"cs\",\"@id\":\"https:\\\/\\\/www.siprum.cz\\\/#\\\/schema\\\/logo\\\/image\\\/\",\"url\":\"https:\\\/\\\/www.siprum.cz\\\/wp-content\\\/uploads\\\/2025\\\/04\\\/logo.png\",\"contentUrl\":\"https:\\\/\\\/www.siprum.cz\\\/wp-content\\\/uploads\\\/2025\\\/04\\\/logo.png\",\"width\":622,\"height\":341,\"caption\":\"SIPRUM s.r.o.\"},\"image\":{\"@id\":\"https:\\\/\\\/www.siprum.cz\\\/#\\\/schema\\\/logo\\\/image\\\/\"}}]}<\/script>\n<!-- \/ Yoast SEO plugin. -->","yoast_head_json":{"title":"Kontakty -","robots":{"index":"index","follow":"follow","max-snippet":"max-snippet:-1","max-image-preview":"max-image-preview:large","max-video-preview":"max-video-preview:-1"},"canonical":"https:\/\/www.siprum.cz\/index.php\/kontakt\/","og_locale":"cs_CZ","og_type":"article","og_title":"Kontakty -","og_description":"Veden\u00ed spole\u010dnosti Alexandr Mu\u0161ta &#8211;\u00a0Jednatel, CEO Tel.: +420 770 670 240 E-mail: alexandr.musta@siprum.cz &nbsp; Barbora Mu\u0161tov\u00e1 &#8211; Asistentka jednatele Tel.: +420 775 475 122 E-mail: barbora.mustova@siprum.cz Obchodn\u00ed odd\u011blen\u00ed Tel.: +420 770 670 240 E-mail.: poptavky@siprum.cz V\u00fdrobn\u00ed odd\u011blen\u00ed Ond\u0159ej \u0160mat &#8211; Vedouc\u00ed v\u00fdroby a mont\u00e1\u017ee Tel.: +420 720 383 036 E-mail: vyroba@siprum.cz S\u00eddlo SIPRUM s.r.o. Pob\u0159e\u017en\u00ed ... \u010c\u00edst d\u00e1l","og_url":"https:\/\/www.siprum.cz\/index.php\/kontakt\/","article_modified_time":"2026-03-10T14:51:29+00:00","twitter_card":"summary_large_image","twitter_misc":{"Odhadovan\u00e1 doba \u010dten\u00ed":"1 minuta"},"schema":{"@context":"https:\/\/schema.org","@graph":[{"@type":"WebPage","@id":"https:\/\/www.siprum.cz\/index.php\/kontakt\/","url":"https:\/\/www.siprum.cz\/index.php\/kontakt\/","name":"Kontakty -","isPartOf":{"@id":"https:\/\/www.siprum.cz\/#website"},"datePublished":"2025-04-04T20:06:48+00:00","dateModified":"2026-03-10T14:51:29+00:00","breadcrumb":{"@id":"https:\/\/www.siprum.cz\/index.php\/kontakt\/#breadcrumb"},"inLanguage":"cs","potentialAction":[{"@type":"ReadAction","target":["https:\/\/www.siprum.cz\/index.php\/kontakt\/"]}]},{"@type":"BreadcrumbList","@id":"https:\/\/www.siprum.cz\/index.php\/kontakt\/#breadcrumb","itemListElement":[{"@type":"ListItem","position":1,"name":"Dom\u016f","item":"https:\/\/www.siprum.cz\/"},{"@type":"ListItem","position":2,"name":"Kontakty"}]},{"@type":"WebSite","@id":"https:\/\/www.siprum.cz\/#website","url":"https:\/\/www.siprum.cz\/","name":"SIPRUM","description":"","publisher":{"@id":"https:\/\/www.siprum.cz\/#organization"},"potentialAction":[{"@type":"SearchAction","target":{"@type":"EntryPoint","urlTemplate":"https:\/\/www.siprum.cz\/?s={search_term_string}"},"query-input":{"@type":"PropertyValueSpecification","valueRequired":true,"valueName":"search_term_string"}}],"inLanguage":"cs"},{"@type":"Organization","@id":"https:\/\/www.siprum.cz\/#organization","name":"SIPRUM s.r.o.","url":"https:\/\/www.siprum.cz\/","logo":{"@type":"ImageObject","inLanguage":"cs","@id":"https:\/\/www.siprum.cz\/#\/schema\/logo\/image\/","url":"https:\/\/www.siprum.cz\/wp-content\/uploads\/2025\/04\/logo.png","contentUrl":"https:\/\/www.siprum.cz\/wp-content\/uploads\/2025\/04\/logo.png","width":622,"height":341,"caption":"SIPRUM s.r.o."},"image":{"@id":"https:\/\/www.siprum.cz\/#\/schema\/logo\/image\/"}}]}},"_links":{"self":[{"href":"https:\/\/www.siprum.cz\/index.php\/wp-json\/wp\/v2\/pages\/42","targetHints":{"allow":["GET"]}}],"collection":[{"href":"https:\/\/www.siprum.cz\/index.php\/wp-json\/wp\/v2\/pages"}],"about":[{"href":"https:\/\/www.siprum.cz\/index.php\/wp-json\/wp\/v2\/types\/page"}],"author":[{"embeddable":true,"href":"https:\/\/www.siprum.cz\/index.php\/wp-json\/wp\/v2\/users\/1"}],"replies":[{"embeddable":true,"href":"https:\/\/www.siprum.cz\/index.php\/wp-json\/wp\/v2\/comments?post=42"}],"version-history":[{"count":96,"href":"https:\/\/www.siprum.cz\/index.php\/wp-json\/wp\/v2\/pages\/42\/revisions"}],"predecessor-version":[{"id":925,"href":"https:\/\/www.siprum.cz\/index.php\/wp-json\/wp\/v2\/pages\/42\/revisions\/925"}],"wp:attachment":[{"href":"https:\/\/www.siprum.cz\/index.php\/wp-json\/wp\/v2\/media?parent=42"}],"curies":[{"name":"wp","href":"https:\/\/api.w.org\/{rel}","templated":true}]}}