{"id":51,"date":"2025-04-04T22:11:15","date_gmt":"2025-04-04T20:11:15","guid":{"rendered":"https:\/\/www.siprum.cz\/?page_id=51"},"modified":"2026-01-24T23:58:16","modified_gmt":"2026-01-24T22:58:16","slug":"jednoucelove-stroje","status":"publish","type":"page","link":"https:\/\/www.siprum.cz\/index.php\/jednoucelove-stroje\/","title":{"rendered":"Jedno\u00fa\u010delov\u00e9 stroje"},"content":{"rendered":"<h3 data-start=\"1190\" data-end=\"1232\">Jedno\u00fa\u010delov\u00e9 stroje a za\u0159\u00edzen\u00ed<\/h3>\n<p data-start=\"1234\" data-end=\"1436\">Navrhujeme a vyr\u00e1b\u00edme <strong data-start=\"1256\" data-end=\"1338\">jedno\u00fa\u010delov\u00e9 stroje, v\u00fdrobn\u00ed a mont\u00e1\u017en\u00ed za\u0159\u00edzen\u00ed p\u0159esn\u011b podle pot\u0159eb z\u00e1kazn\u00edka<\/strong>.\u00a0<\/p>\n<p data-start=\"1438\" data-end=\"1597\">Specializujeme se na <strong data-start=\"1459\" data-end=\"1485\">zak\u00e1zkov\u00fd v\u00fdvoj stroj\u016f<\/strong>, kter\u00e9 zvy\u0161uj\u00ed efektivitu v\u00fdroby, sni\u017euj\u00ed n\u00e1klady a nahrazuj\u00ed manu\u00e1ln\u00ed nebo nevyhovuj\u00edc\u00ed technologick\u00e9 operace.<\/p>\n\n\n<div class=\"wp-block-columns is-layout-flex wp-container-core-columns-is-layout-9d6595d7 wp-block-columns-is-layout-flex\">\n<div class=\"wp-block-column is-layout-flow wp-block-column-is-layout-flow\">\n<figure class=\"wp-block-image size-large\"><img loading=\"lazy\" decoding=\"async\" width=\"559\" height=\"1024\" src=\"https:\/\/www.siprum.cz\/wp-content\/uploads\/2025\/10\/c0880b69-e882-4f88-94b9-2fe7271833c8-4-559x1024.jpeg\" alt=\"\" class=\"wp-image-497\" style=\"aspect-ratio:0.5459030896964747\" srcset=\"https:\/\/www.siprum.cz\/wp-content\/uploads\/2025\/10\/c0880b69-e882-4f88-94b9-2fe7271833c8-4-559x1024.jpeg 559w, https:\/\/www.siprum.cz\/wp-content\/uploads\/2025\/10\/c0880b69-e882-4f88-94b9-2fe7271833c8-4-164x300.jpeg 164w, https:\/\/www.siprum.cz\/wp-content\/uploads\/2025\/10\/c0880b69-e882-4f88-94b9-2fe7271833c8-4-768x1406.jpeg 768w, https:\/\/www.siprum.cz\/wp-content\/uploads\/2025\/10\/c0880b69-e882-4f88-94b9-2fe7271833c8-4-839x1536.jpeg 839w, https:\/\/www.siprum.cz\/wp-content\/uploads\/2025\/10\/c0880b69-e882-4f88-94b9-2fe7271833c8-4.jpeg 874w\" sizes=\"auto, (max-width: 559px) 100vw, 559px\" \/><\/figure>\n<\/div>\n\n\n\n<div class=\"wp-block-column is-layout-flow wp-block-column-is-layout-flow\">\n<figure class=\"wp-block-image size-full\"><img loading=\"lazy\" decoding=\"async\" width=\"382\" height=\"510\" src=\"https:\/\/www.siprum.cz\/wp-content\/uploads\/2025\/10\/IMG_20200903_132320.jpg\" alt=\"\" class=\"wp-image-483\" srcset=\"https:\/\/www.siprum.cz\/wp-content\/uploads\/2025\/10\/IMG_20200903_132320.jpg 382w, https:\/\/www.siprum.cz\/wp-content\/uploads\/2025\/10\/IMG_20200903_132320-225x300.jpg 225w\" sizes=\"auto, (max-width: 382px) 100vw, 382px\" \/><\/figure>\n<\/div>\n\n\n\n<div class=\"wp-block-column is-layout-flow wp-block-column-is-layout-flow\">\n<figure class=\"wp-block-image size-large\"><img loading=\"lazy\" decoding=\"async\" width=\"683\" height=\"1024\" src=\"https:\/\/www.siprum.cz\/wp-content\/uploads\/2025\/11\/ChatGPT-Image-23.-11.-2025-00_10_12-683x1024.png\" alt=\"\" class=\"wp-image-604\" style=\"aspect-ratio:0.6670131382005654\" srcset=\"https:\/\/www.siprum.cz\/wp-content\/uploads\/2025\/11\/ChatGPT-Image-23.-11.-2025-00_10_12-683x1024.png 683w, https:\/\/www.siprum.cz\/wp-content\/uploads\/2025\/11\/ChatGPT-Image-23.-11.-2025-00_10_12-200x300.png 200w, https:\/\/www.siprum.cz\/wp-content\/uploads\/2025\/11\/ChatGPT-Image-23.-11.-2025-00_10_12-768x1152.png 768w, https:\/\/www.siprum.cz\/wp-content\/uploads\/2025\/11\/ChatGPT-Image-23.-11.-2025-00_10_12.png 1024w\" sizes=\"auto, (max-width: 683px) 100vw, 683px\" \/><\/figure>\n<\/div>\n<\/div>\n\n\n<h3 data-start=\"1604\" data-end=\"1656\">\u0158e\u0161en\u00ed na m\u00edru \u2013 od n\u00e1vrhu po uveden\u00ed do provozu<\/h3>\n<p data-start=\"1658\" data-end=\"1850\">Se z\u00e1kazn\u00edkem \u00fazce spolupracujeme ji\u017e od \u00favodn\u00ed f\u00e1ze. Spole\u010dn\u011b analyzujeme v\u00fdrobn\u00ed proces, navrhujeme optim\u00e1ln\u00ed technologii a vol\u00edme takov\u00e9 \u0159e\u0161en\u00ed, kter\u00e9 d\u00e1v\u00e1 <strong data-start=\"1817\" data-end=\"1849\">technick\u00fd i ekonomick\u00fd smysl<\/strong>.<\/p>\n<p data-start=\"1852\" data-end=\"1864\">Zaji\u0161\u0165ujeme:<\/p>\n<ul data-start=\"1865\" data-end=\"2042\">\n<li data-start=\"1865\" data-end=\"1892\">\n<p data-start=\"1867\" data-end=\"1892\">koncep\u010dn\u00ed n\u00e1vrh za\u0159\u00edzen\u00ed,<\/p>\n<\/li>\n<li data-start=\"1893\" data-end=\"1926\">\n<p data-start=\"1895\" data-end=\"1926\">konstrukci a technick\u00e9 v\u00fdpo\u010dty,<\/p>\n<\/li>\n<li data-start=\"1927\" data-end=\"1961\">\n<p data-start=\"1929\" data-end=\"1961\">v\u00fdrobu, mont\u00e1\u017e a o\u017eiven\u00ed stroje,<\/p>\n<\/li>\n<li data-start=\"1962\" data-end=\"2000\">\n<p data-start=\"1964\" data-end=\"2000\">elektroinstalaci, \u0159\u00edzen\u00ed a software,<\/p>\n<\/li>\n<li data-start=\"2001\" data-end=\"2042\">\n<p data-start=\"2003\" data-end=\"2042\">uveden\u00ed do provozu a za\u0161kolen\u00ed obsluhy.<\/p>\n<\/li>\n<\/ul>\n<p data-start=\"2044\" data-end=\"2116\">Dod\u00e1v\u00e1me za\u0159\u00edzen\u00ed <strong data-start=\"2062\" data-end=\"2075\">\u201ena kl\u00ed\u010d\u201c<\/strong>, v\u010detn\u011b kompletn\u00ed technick\u00e9 dokumentace.<\/p>\n\n\n<div class=\"wp-block-columns is-layout-flex wp-container-core-columns-is-layout-9d6595d7 wp-block-columns-is-layout-flex\">\n<div class=\"wp-block-column is-layout-flow wp-block-column-is-layout-flow\">\n<figure class=\"wp-block-image size-large\"><img loading=\"lazy\" decoding=\"async\" width=\"683\" height=\"1024\" src=\"https:\/\/www.siprum.cz\/wp-content\/uploads\/2025\/11\/ChatGPT-Image-22.-11.-2025-23_38_19-1-683x1024.png\" alt=\"\" class=\"wp-image-602\" srcset=\"https:\/\/www.siprum.cz\/wp-content\/uploads\/2025\/11\/ChatGPT-Image-22.-11.-2025-23_38_19-1-683x1024.png 683w, https:\/\/www.siprum.cz\/wp-content\/uploads\/2025\/11\/ChatGPT-Image-22.-11.-2025-23_38_19-1-200x300.png 200w, https:\/\/www.siprum.cz\/wp-content\/uploads\/2025\/11\/ChatGPT-Image-22.-11.-2025-23_38_19-1-768x1152.png 768w, https:\/\/www.siprum.cz\/wp-content\/uploads\/2025\/11\/ChatGPT-Image-22.-11.-2025-23_38_19-1.png 1024w\" sizes=\"auto, (max-width: 683px) 100vw, 683px\" \/><\/figure>\n<\/div>\n\n\n\n<div class=\"wp-block-column is-layout-flow wp-block-column-is-layout-flow\">\n<figure class=\"wp-block-image size-large\"><img loading=\"lazy\" decoding=\"async\" width=\"683\" height=\"1024\" src=\"https:\/\/www.siprum.cz\/wp-content\/uploads\/2025\/11\/ChatGPT-Image-22.-11.-2025-23_55_59-683x1024.png\" alt=\"\" class=\"wp-image-579\" srcset=\"https:\/\/www.siprum.cz\/wp-content\/uploads\/2025\/11\/ChatGPT-Image-22.-11.-2025-23_55_59-683x1024.png 683w, https:\/\/www.siprum.cz\/wp-content\/uploads\/2025\/11\/ChatGPT-Image-22.-11.-2025-23_55_59-200x300.png 200w, https:\/\/www.siprum.cz\/wp-content\/uploads\/2025\/11\/ChatGPT-Image-22.-11.-2025-23_55_59-768x1152.png 768w, https:\/\/www.siprum.cz\/wp-content\/uploads\/2025\/11\/ChatGPT-Image-22.-11.-2025-23_55_59.png 1024w\" sizes=\"auto, (max-width: 683px) 100vw, 683px\" \/><\/figure>\n<\/div>\n\n\n\n<div class=\"wp-block-column is-layout-flow wp-block-column-is-layout-flow\">\n<figure class=\"wp-block-image size-large\"><img loading=\"lazy\" decoding=\"async\" width=\"1024\" height=\"683\" src=\"https:\/\/www.siprum.cz\/wp-content\/uploads\/2025\/11\/ChatGPT-Image-22.-11.-2025-23_46_47-1024x683.png\" alt=\"\" class=\"wp-image-577\" style=\"aspect-ratio:1.499363381716323\" srcset=\"https:\/\/www.siprum.cz\/wp-content\/uploads\/2025\/11\/ChatGPT-Image-22.-11.-2025-23_46_47-1024x683.png 1024w, https:\/\/www.siprum.cz\/wp-content\/uploads\/2025\/11\/ChatGPT-Image-22.-11.-2025-23_46_47-300x200.png 300w, https:\/\/www.siprum.cz\/wp-content\/uploads\/2025\/11\/ChatGPT-Image-22.-11.-2025-23_46_47-768x512.png 768w, https:\/\/www.siprum.cz\/wp-content\/uploads\/2025\/11\/ChatGPT-Image-22.-11.-2025-23_46_47.png 1536w\" sizes=\"auto, (max-width: 1024px) 100vw, 1024px\" \/><\/figure>\n<\/div>\n<\/div>\n\n\n<h3 data-start=\"2123\" data-end=\"2162\">Automatizace, kter\u00e1 funguje v praxi<\/h3>\n<p data-start=\"2164\" data-end=\"2234\">Na\u0161e jedno\u00fa\u010delov\u00e9 stroje a linky vyu\u017e\u00edvaj\u00ed modern\u00ed prvky automatizace:<\/p>\n<ul data-start=\"2235\" data-end=\"2374\">\n<li data-start=\"2235\" data-end=\"2276\">\n<p data-start=\"2237\" data-end=\"2276\">PLC \u0159\u00edzen\u00ed a pr\u016fmyslov\u00e9 \u0159\u00eddic\u00ed syst\u00e9my,<\/p>\n<\/li>\n<li data-start=\"2277\" data-end=\"2326\">\n<p data-start=\"2279\" data-end=\"2326\">senzorovou techniku, kamerov\u00e9 syst\u00e9my a m\u011b\u0159en\u00ed,<\/p>\n<\/li>\n<li data-start=\"2327\" data-end=\"2374\">\n<p data-start=\"2329\" data-end=\"2374\">elektrick\u00e9, pneumatick\u00e9 i hydraulick\u00e9 pohony.<\/p>\n<\/li>\n<\/ul>\n<p data-start=\"2376\" data-end=\"2409\">Za\u0159\u00edzen\u00ed navrhujeme s d\u016frazem na:<\/p>\n<ul data-start=\"2410\" data-end=\"2570\">\n<li data-start=\"2410\" data-end=\"2449\">\n<p data-start=\"2412\" data-end=\"2449\"><strong data-start=\"2412\" data-end=\"2448\">spolehlivost a stabilitu provozu<\/strong>,<\/p>\n<\/li>\n<li data-start=\"2450\" data-end=\"2491\">\n<p data-start=\"2452\" data-end=\"2491\">jednoduchou obsluhu a servisn\u00ed p\u0159\u00edstup,<\/p>\n<\/li>\n<li data-start=\"2492\" data-end=\"2528\">\n<p data-start=\"2494\" data-end=\"2528\">minimalizaci zastav\u011bn\u00e9ho prostoru,<\/p>\n<\/li>\n<li data-start=\"2529\" data-end=\"2570\">\n<p data-start=\"2531\" data-end=\"2570\">mo\u017enost budouc\u00edho roz\u0161\u00ed\u0159en\u00ed nebo \u00faprav.<\/p>\n<\/li>\n<\/ul>\n\n\n<div class=\"wp-block-columns is-layout-flex wp-container-core-columns-is-layout-9d6595d7 wp-block-columns-is-layout-flex\">\n<div class=\"wp-block-column is-layout-flow wp-block-column-is-layout-flow\">\n<figure class=\"wp-block-image size-full\"><img loading=\"lazy\" decoding=\"async\" width=\"680\" height=\"510\" src=\"https:\/\/www.siprum.cz\/wp-content\/uploads\/2025\/11\/IMG_20191107_133932.jpg\" alt=\"\" class=\"wp-image-566\" srcset=\"https:\/\/www.siprum.cz\/wp-content\/uploads\/2025\/11\/IMG_20191107_133932.jpg 680w, https:\/\/www.siprum.cz\/wp-content\/uploads\/2025\/11\/IMG_20191107_133932-300x225.jpg 300w\" sizes=\"auto, (max-width: 680px) 100vw, 680px\" \/><\/figure>\n<\/div>\n\n\n\n<div class=\"wp-block-column is-layout-flow wp-block-column-is-layout-flow\">\n<figure class=\"wp-block-image size-full\"><img loading=\"lazy\" decoding=\"async\" width=\"680\" height=\"510\" src=\"https:\/\/www.siprum.cz\/wp-content\/uploads\/2025\/12\/IMG_20191113_195840.jpg\" alt=\"\" class=\"wp-image-659\" srcset=\"https:\/\/www.siprum.cz\/wp-content\/uploads\/2025\/12\/IMG_20191113_195840.jpg 680w, https:\/\/www.siprum.cz\/wp-content\/uploads\/2025\/12\/IMG_20191113_195840-300x225.jpg 300w\" sizes=\"auto, (max-width: 680px) 100vw, 680px\" \/><\/figure>\n<\/div>\n\n\n\n<div class=\"wp-block-column is-layout-flow wp-block-column-is-layout-flow\">\n<figure class=\"wp-block-image size-full\"><img loading=\"lazy\" decoding=\"async\" width=\"680\" height=\"510\" src=\"https:\/\/www.siprum.cz\/wp-content\/uploads\/2025\/12\/IMG_20191107_133940.jpg\" alt=\"\" class=\"wp-image-658\" srcset=\"https:\/\/www.siprum.cz\/wp-content\/uploads\/2025\/12\/IMG_20191107_133940.jpg 680w, https:\/\/www.siprum.cz\/wp-content\/uploads\/2025\/12\/IMG_20191107_133940-300x225.jpg 300w\" sizes=\"auto, (max-width: 680px) 100vw, 680px\" \/><\/figure>\n<\/div>\n<\/div>\n\n\n<h3 data-start=\"2816\" data-end=\"2852\">Pro koho jsou na\u0161e \u0159e\u0161en\u00ed ur\u010dena<\/h3>\n<p data-start=\"2854\" data-end=\"2914\">Dod\u00e1v\u00e1me jedno\u00fa\u010delov\u00e9 stroje a v\u00fdrobn\u00ed za\u0159\u00edzen\u00ed zejm\u00e9na pro:<\/p>\n<ul data-start=\"2915\" data-end=\"3017\">\n<li data-start=\"2915\" data-end=\"2938\">\n<p data-start=\"2917\" data-end=\"2938\">stroj\u00edrensk\u00fd pr\u016fmysl,<\/p>\n<\/li>\n<li data-start=\"2939\" data-end=\"2974\">\n<p data-start=\"2941\" data-end=\"2974\">automobilov\u00fd a spot\u0159ebn\u00ed pr\u016fmysl,<\/p>\n<\/li>\n<li data-start=\"2975\" data-end=\"3017\">\n<p data-start=\"2977\" data-end=\"3017\">speci\u00e1ln\u00ed v\u00fdrobn\u00ed a mont\u00e1\u017en\u00ed pracovi\u0161t\u011b.<\/p>\n<\/li>\n<\/ul>\n<p data-start=\"3019\" data-end=\"3189\">Jsme schopni realizovat jak <strong data-start=\"3047\" data-end=\"3093\">technologicky n\u00e1ro\u010dn\u00e1 automatick\u00e1 za\u0159\u00edzen\u00ed<\/strong>, tak i <strong data-start=\"3101\" data-end=\"3188\">jednodu\u0161\u0161\u00ed jedno\u00fa\u010delov\u00e9 stroje, mont\u00e1\u017en\u00ed p\u0159\u00edpravky nebo samostatn\u00e9 mechanick\u00e9 celky<\/strong>.<\/p>\n<p style=\"text-align: center;\"><strong data-start=\"870\" data-end=\"924\">Pot\u0159ebujete technick\u00e9 \u0159e\u0161en\u00ed nebo cenovou nab\u00eddku?<\/strong><br data-start=\"924\" data-end=\"927\" \/>Kontaktujte n\u00e1s na \ud83d\udce7 <a class=\"decorated-link cursor-pointer\" rel=\"noopener\" data-start=\"951\" data-end=\"969\">poptavky@siprum.cz<\/a> nebo \ud83d\udcde +420 770 670 240<\/p>\n\n\n<div class=\"wp-block-columns is-layout-flex wp-container-core-columns-is-layout-9d6595d7 wp-block-columns-is-layout-flex\"><\/div>\n\n\n\n<p><\/p>\n","protected":false},"excerpt":{"rendered":"<p>Jedno\u00fa\u010delov\u00e9 stroje a za\u0159\u00edzen\u00ed Navrhujeme a vyr\u00e1b\u00edme jedno\u00fa\u010delov\u00e9 stroje, v\u00fdrobn\u00ed a mont\u00e1\u017en\u00ed za\u0159\u00edzen\u00ed p\u0159esn\u011b podle pot\u0159eb z\u00e1kazn\u00edka.\u00a0 Specializujeme se na zak\u00e1zkov\u00fd v\u00fdvoj stroj\u016f, kter\u00e9 zvy\u0161uj\u00ed efektivitu v\u00fdroby, sni\u017euj\u00ed n\u00e1klady a nahrazuj\u00ed manu\u00e1ln\u00ed nebo nevyhovuj\u00edc\u00ed technologick\u00e9 operace. \u0158e\u0161en\u00ed na m\u00edru \u2013 od n\u00e1vrhu po uveden\u00ed do provozu Se z\u00e1kazn\u00edkem \u00fazce spolupracujeme ji\u017e od \u00favodn\u00ed f\u00e1ze. Spole\u010dn\u011b &#8230; <a title=\"Jedno\u00fa\u010delov\u00e9 stroje\" class=\"read-more\" href=\"https:\/\/www.siprum.cz\/index.php\/jednoucelove-stroje\/\" aria-label=\"\u010c\u00edst v\u00edce o Jedno\u00fa\u010delov\u00e9 stroje\">\u010c\u00edst d\u00e1l<\/a><\/p>\n","protected":false},"author":1,"featured_media":0,"parent":0,"menu_order":3,"comment_status":"closed","ping_status":"closed","template":"","meta":{"footnotes":""},"class_list":["post-51","page","type-page","status-publish"],"yoast_head":"<!-- This site is optimized with the Yoast SEO plugin v27.5 - https:\/\/yoast.com\/product\/yoast-seo-wordpress\/ -->\n<title>Jedno\u00fa\u010delov\u00e9 stroje -<\/title>\n<meta name=\"robots\" content=\"index, follow, max-snippet:-1, max-image-preview:large, max-video-preview:-1\" \/>\n<link rel=\"canonical\" href=\"https:\/\/www.siprum.cz\/index.php\/jednoucelove-stroje\/\" \/>\n<meta property=\"og:locale\" content=\"cs_CZ\" \/>\n<meta property=\"og:type\" content=\"article\" \/>\n<meta property=\"og:title\" content=\"Jedno\u00fa\u010delov\u00e9 stroje -\" \/>\n<meta property=\"og:description\" content=\"Jedno\u00fa\u010delov\u00e9 stroje a za\u0159\u00edzen\u00ed Navrhujeme a vyr\u00e1b\u00edme jedno\u00fa\u010delov\u00e9 stroje, v\u00fdrobn\u00ed a mont\u00e1\u017en\u00ed za\u0159\u00edzen\u00ed p\u0159esn\u011b podle pot\u0159eb z\u00e1kazn\u00edka.\u00a0 Specializujeme se na zak\u00e1zkov\u00fd v\u00fdvoj stroj\u016f, kter\u00e9 zvy\u0161uj\u00ed efektivitu v\u00fdroby, sni\u017euj\u00ed n\u00e1klady a nahrazuj\u00ed manu\u00e1ln\u00ed nebo nevyhovuj\u00edc\u00ed technologick\u00e9 operace. \u0158e\u0161en\u00ed na m\u00edru \u2013 od n\u00e1vrhu po uveden\u00ed do provozu Se z\u00e1kazn\u00edkem \u00fazce spolupracujeme ji\u017e od \u00favodn\u00ed f\u00e1ze. Spole\u010dn\u011b ... \u010c\u00edst d\u00e1l\" \/>\n<meta property=\"og:url\" content=\"https:\/\/www.siprum.cz\/index.php\/jednoucelove-stroje\/\" \/>\n<meta property=\"article:modified_time\" content=\"2026-01-24T22:58:16+00:00\" \/>\n<meta property=\"og:image\" content=\"https:\/\/www.siprum.cz\/wp-content\/uploads\/2025\/10\/c0880b69-e882-4f88-94b9-2fe7271833c8-4.jpeg\" \/>\n\t<meta property=\"og:image:width\" content=\"874\" \/>\n\t<meta property=\"og:image:height\" content=\"1600\" \/>\n\t<meta property=\"og:image:type\" content=\"image\/jpeg\" \/>\n<meta name=\"twitter:card\" content=\"summary_large_image\" \/>\n<meta name=\"twitter:label1\" content=\"Odhadovan\u00e1 doba \u010dten\u00ed\" \/>\n\t<meta name=\"twitter:data1\" content=\"4 minuty\" \/>\n<script type=\"application\/ld+json\" class=\"yoast-schema-graph\">{\"@context\":\"https:\\\/\\\/schema.org\",\"@graph\":[{\"@type\":\"WebPage\",\"@id\":\"https:\\\/\\\/www.siprum.cz\\\/index.php\\\/jednoucelove-stroje\\\/\",\"url\":\"https:\\\/\\\/www.siprum.cz\\\/index.php\\\/jednoucelove-stroje\\\/\",\"name\":\"Jedno\u00fa\u010delov\u00e9 stroje -\",\"isPartOf\":{\"@id\":\"https:\\\/\\\/www.siprum.cz\\\/#website\"},\"primaryImageOfPage\":{\"@id\":\"https:\\\/\\\/www.siprum.cz\\\/index.php\\\/jednoucelove-stroje\\\/#primaryimage\"},\"image\":{\"@id\":\"https:\\\/\\\/www.siprum.cz\\\/index.php\\\/jednoucelove-stroje\\\/#primaryimage\"},\"thumbnailUrl\":\"https:\\\/\\\/www.siprum.cz\\\/wp-content\\\/uploads\\\/2025\\\/10\\\/c0880b69-e882-4f88-94b9-2fe7271833c8-4-559x1024.jpeg\",\"datePublished\":\"2025-04-04T20:11:15+00:00\",\"dateModified\":\"2026-01-24T22:58:16+00:00\",\"breadcrumb\":{\"@id\":\"https:\\\/\\\/www.siprum.cz\\\/index.php\\\/jednoucelove-stroje\\\/#breadcrumb\"},\"inLanguage\":\"cs\",\"potentialAction\":[{\"@type\":\"ReadAction\",\"target\":[\"https:\\\/\\\/www.siprum.cz\\\/index.php\\\/jednoucelove-stroje\\\/\"]}]},{\"@type\":\"ImageObject\",\"inLanguage\":\"cs\",\"@id\":\"https:\\\/\\\/www.siprum.cz\\\/index.php\\\/jednoucelove-stroje\\\/#primaryimage\",\"url\":\"https:\\\/\\\/www.siprum.cz\\\/wp-content\\\/uploads\\\/2025\\\/10\\\/c0880b69-e882-4f88-94b9-2fe7271833c8-4.jpeg\",\"contentUrl\":\"https:\\\/\\\/www.siprum.cz\\\/wp-content\\\/uploads\\\/2025\\\/10\\\/c0880b69-e882-4f88-94b9-2fe7271833c8-4.jpeg\",\"width\":874,\"height\":1600},{\"@type\":\"BreadcrumbList\",\"@id\":\"https:\\\/\\\/www.siprum.cz\\\/index.php\\\/jednoucelove-stroje\\\/#breadcrumb\",\"itemListElement\":[{\"@type\":\"ListItem\",\"position\":1,\"name\":\"Dom\u016f\",\"item\":\"https:\\\/\\\/www.siprum.cz\\\/\"},{\"@type\":\"ListItem\",\"position\":2,\"name\":\"Jedno\u00fa\u010delov\u00e9 stroje\"}]},{\"@type\":\"WebSite\",\"@id\":\"https:\\\/\\\/www.siprum.cz\\\/#website\",\"url\":\"https:\\\/\\\/www.siprum.cz\\\/\",\"name\":\"SIPRUM\",\"description\":\"\",\"publisher\":{\"@id\":\"https:\\\/\\\/www.siprum.cz\\\/#organization\"},\"potentialAction\":[{\"@type\":\"SearchAction\",\"target\":{\"@type\":\"EntryPoint\",\"urlTemplate\":\"https:\\\/\\\/www.siprum.cz\\\/?s={search_term_string}\"},\"query-input\":{\"@type\":\"PropertyValueSpecification\",\"valueRequired\":true,\"valueName\":\"search_term_string\"}}],\"inLanguage\":\"cs\"},{\"@type\":\"Organization\",\"@id\":\"https:\\\/\\\/www.siprum.cz\\\/#organization\",\"name\":\"SIPRUM s.r.o.\",\"url\":\"https:\\\/\\\/www.siprum.cz\\\/\",\"logo\":{\"@type\":\"ImageObject\",\"inLanguage\":\"cs\",\"@id\":\"https:\\\/\\\/www.siprum.cz\\\/#\\\/schema\\\/logo\\\/image\\\/\",\"url\":\"https:\\\/\\\/www.siprum.cz\\\/wp-content\\\/uploads\\\/2025\\\/04\\\/logo.png\",\"contentUrl\":\"https:\\\/\\\/www.siprum.cz\\\/wp-content\\\/uploads\\\/2025\\\/04\\\/logo.png\",\"width\":622,\"height\":341,\"caption\":\"SIPRUM s.r.o.\"},\"image\":{\"@id\":\"https:\\\/\\\/www.siprum.cz\\\/#\\\/schema\\\/logo\\\/image\\\/\"}}]}<\/script>\n<!-- \/ Yoast SEO plugin. -->","yoast_head_json":{"title":"Jedno\u00fa\u010delov\u00e9 stroje -","robots":{"index":"index","follow":"follow","max-snippet":"max-snippet:-1","max-image-preview":"max-image-preview:large","max-video-preview":"max-video-preview:-1"},"canonical":"https:\/\/www.siprum.cz\/index.php\/jednoucelove-stroje\/","og_locale":"cs_CZ","og_type":"article","og_title":"Jedno\u00fa\u010delov\u00e9 stroje -","og_description":"Jedno\u00fa\u010delov\u00e9 stroje a za\u0159\u00edzen\u00ed Navrhujeme a vyr\u00e1b\u00edme jedno\u00fa\u010delov\u00e9 stroje, v\u00fdrobn\u00ed a mont\u00e1\u017en\u00ed za\u0159\u00edzen\u00ed p\u0159esn\u011b podle pot\u0159eb z\u00e1kazn\u00edka.\u00a0 Specializujeme se na zak\u00e1zkov\u00fd v\u00fdvoj stroj\u016f, kter\u00e9 zvy\u0161uj\u00ed efektivitu v\u00fdroby, sni\u017euj\u00ed n\u00e1klady a nahrazuj\u00ed manu\u00e1ln\u00ed nebo nevyhovuj\u00edc\u00ed technologick\u00e9 operace. \u0158e\u0161en\u00ed na m\u00edru \u2013 od n\u00e1vrhu po uveden\u00ed do provozu Se z\u00e1kazn\u00edkem \u00fazce spolupracujeme ji\u017e od \u00favodn\u00ed f\u00e1ze. Spole\u010dn\u011b ... \u010c\u00edst d\u00e1l","og_url":"https:\/\/www.siprum.cz\/index.php\/jednoucelove-stroje\/","article_modified_time":"2026-01-24T22:58:16+00:00","og_image":[{"width":874,"height":1600,"url":"https:\/\/www.siprum.cz\/wp-content\/uploads\/2025\/10\/c0880b69-e882-4f88-94b9-2fe7271833c8-4.jpeg","type":"image\/jpeg"}],"twitter_card":"summary_large_image","twitter_misc":{"Odhadovan\u00e1 doba \u010dten\u00ed":"4 minuty"},"schema":{"@context":"https:\/\/schema.org","@graph":[{"@type":"WebPage","@id":"https:\/\/www.siprum.cz\/index.php\/jednoucelove-stroje\/","url":"https:\/\/www.siprum.cz\/index.php\/jednoucelove-stroje\/","name":"Jedno\u00fa\u010delov\u00e9 stroje -","isPartOf":{"@id":"https:\/\/www.siprum.cz\/#website"},"primaryImageOfPage":{"@id":"https:\/\/www.siprum.cz\/index.php\/jednoucelove-stroje\/#primaryimage"},"image":{"@id":"https:\/\/www.siprum.cz\/index.php\/jednoucelove-stroje\/#primaryimage"},"thumbnailUrl":"https:\/\/www.siprum.cz\/wp-content\/uploads\/2025\/10\/c0880b69-e882-4f88-94b9-2fe7271833c8-4-559x1024.jpeg","datePublished":"2025-04-04T20:11:15+00:00","dateModified":"2026-01-24T22:58:16+00:00","breadcrumb":{"@id":"https:\/\/www.siprum.cz\/index.php\/jednoucelove-stroje\/#breadcrumb"},"inLanguage":"cs","potentialAction":[{"@type":"ReadAction","target":["https:\/\/www.siprum.cz\/index.php\/jednoucelove-stroje\/"]}]},{"@type":"ImageObject","inLanguage":"cs","@id":"https:\/\/www.siprum.cz\/index.php\/jednoucelove-stroje\/#primaryimage","url":"https:\/\/www.siprum.cz\/wp-content\/uploads\/2025\/10\/c0880b69-e882-4f88-94b9-2fe7271833c8-4.jpeg","contentUrl":"https:\/\/www.siprum.cz\/wp-content\/uploads\/2025\/10\/c0880b69-e882-4f88-94b9-2fe7271833c8-4.jpeg","width":874,"height":1600},{"@type":"BreadcrumbList","@id":"https:\/\/www.siprum.cz\/index.php\/jednoucelove-stroje\/#breadcrumb","itemListElement":[{"@type":"ListItem","position":1,"name":"Dom\u016f","item":"https:\/\/www.siprum.cz\/"},{"@type":"ListItem","position":2,"name":"Jedno\u00fa\u010delov\u00e9 stroje"}]},{"@type":"WebSite","@id":"https:\/\/www.siprum.cz\/#website","url":"https:\/\/www.siprum.cz\/","name":"SIPRUM","description":"","publisher":{"@id":"https:\/\/www.siprum.cz\/#organization"},"potentialAction":[{"@type":"SearchAction","target":{"@type":"EntryPoint","urlTemplate":"https:\/\/www.siprum.cz\/?s={search_term_string}"},"query-input":{"@type":"PropertyValueSpecification","valueRequired":true,"valueName":"search_term_string"}}],"inLanguage":"cs"},{"@type":"Organization","@id":"https:\/\/www.siprum.cz\/#organization","name":"SIPRUM s.r.o.","url":"https:\/\/www.siprum.cz\/","logo":{"@type":"ImageObject","inLanguage":"cs","@id":"https:\/\/www.siprum.cz\/#\/schema\/logo\/image\/","url":"https:\/\/www.siprum.cz\/wp-content\/uploads\/2025\/04\/logo.png","contentUrl":"https:\/\/www.siprum.cz\/wp-content\/uploads\/2025\/04\/logo.png","width":622,"height":341,"caption":"SIPRUM s.r.o."},"image":{"@id":"https:\/\/www.siprum.cz\/#\/schema\/logo\/image\/"}}]}},"_links":{"self":[{"href":"https:\/\/www.siprum.cz\/index.php\/wp-json\/wp\/v2\/pages\/51","targetHints":{"allow":["GET"]}}],"collection":[{"href":"https:\/\/www.siprum.cz\/index.php\/wp-json\/wp\/v2\/pages"}],"about":[{"href":"https:\/\/www.siprum.cz\/index.php\/wp-json\/wp\/v2\/types\/page"}],"author":[{"embeddable":true,"href":"https:\/\/www.siprum.cz\/index.php\/wp-json\/wp\/v2\/users\/1"}],"replies":[{"embeddable":true,"href":"https:\/\/www.siprum.cz\/index.php\/wp-json\/wp\/v2\/comments?post=51"}],"version-history":[{"count":34,"href":"https:\/\/www.siprum.cz\/index.php\/wp-json\/wp\/v2\/pages\/51\/revisions"}],"predecessor-version":[{"id":843,"href":"https:\/\/www.siprum.cz\/index.php\/wp-json\/wp\/v2\/pages\/51\/revisions\/843"}],"wp:attachment":[{"href":"https:\/\/www.siprum.cz\/index.php\/wp-json\/wp\/v2\/media?parent=51"}],"curies":[{"name":"wp","href":"https:\/\/api.w.org\/{rel}","templated":true}]}}