{"id":53,"date":"2025-04-04T22:12:08","date_gmt":"2025-04-04T20:12:08","guid":{"rendered":"https:\/\/www.siprum.cz\/?page_id=53"},"modified":"2026-01-24T23:56:11","modified_gmt":"2026-01-24T22:56:11","slug":"o-nas","status":"publish","type":"page","link":"https:\/\/www.siprum.cz\/index.php\/o-nas\/","title":{"rendered":"O n\u00e1s"},"content":{"rendered":"\n<div class=\"wp-block-columns is-layout-flex wp-container-core-columns-is-layout-9d6595d7 wp-block-columns-is-layout-flex\">\n<div class=\"wp-block-column is-layout-flow wp-block-column-is-layout-flow\" style=\"flex-basis:66.66%\">\n<p>Spole\u010dnost <strong>SIPRUM s.r.o.<\/strong> je rodinn\u00e1 firma, kter\u00e1 stav\u00ed na pevn\u00fdch z\u00e1kladech dlouholet\u00fdch zku\u0161enost\u00ed v oblasti stroj\u00edrenstv\u00ed. N\u00e1\u0161 t\u00fdm tvo\u0159\u00ed specialist\u00e9 s v\u00edce ne\u017e 15 lety praxe ve v\u00fdvoji a v\u00fdrob\u011b jedno\u00fa\u010delov\u00fdch stroj\u016f, ocelov\u00fdch konstrukc\u00ed, strojn\u00edch za\u0159\u00edzen\u00ed a mont\u00e1\u017en\u00edch p\u0159\u00edpravk\u016f. D\u00edky t\u00e9to odbornosti dod\u00e1v\u00e1me technologicky vysp\u011bl\u00e1 \u0159e\u0161en\u00ed, kter\u00e1 odpov\u00eddaj\u00ed pot\u0159eb\u00e1m v\u00fdrobn\u00edch podnik\u016f v\u0161ech velikost\u00ed.<\/p>\n<\/div>\n\n\n\n<div class=\"wp-block-column is-layout-flow wp-block-column-is-layout-flow\" style=\"flex-basis:33.33%\">\n<figure class=\"wp-block-image size-large\"><img loading=\"lazy\" decoding=\"async\" width=\"1024\" height=\"683\" src=\"https:\/\/www.siprum.cz\/wp-content\/uploads\/2025\/04\/ChatGPT-Image-21.-4.-2025-20_33_54-1024x683.png\" alt=\"\" class=\"wp-image-374\" srcset=\"https:\/\/www.siprum.cz\/wp-content\/uploads\/2025\/04\/ChatGPT-Image-21.-4.-2025-20_33_54-1024x683.png 1024w, https:\/\/www.siprum.cz\/wp-content\/uploads\/2025\/04\/ChatGPT-Image-21.-4.-2025-20_33_54-300x200.png 300w, https:\/\/www.siprum.cz\/wp-content\/uploads\/2025\/04\/ChatGPT-Image-21.-4.-2025-20_33_54-768x512.png 768w, https:\/\/www.siprum.cz\/wp-content\/uploads\/2025\/04\/ChatGPT-Image-21.-4.-2025-20_33_54.png 1536w\" sizes=\"auto, (max-width: 1024px) 100vw, 1024px\" \/><\/figure>\n<\/div>\n<\/div>\n\n\n\n<div class=\"wp-block-columns is-layout-flex wp-container-core-columns-is-layout-9d6595d7 wp-block-columns-is-layout-flex\">\n<div class=\"wp-block-column is-layout-flow wp-block-column-is-layout-flow\">\n<div class=\"wp-block-columns is-layout-flex wp-container-core-columns-is-layout-9d6595d7 wp-block-columns-is-layout-flex\">\n<div class=\"wp-block-column is-layout-flow wp-block-column-is-layout-flow\" style=\"flex-basis:33.33%\">\n<figure class=\"wp-block-image size-large\"><img loading=\"lazy\" decoding=\"async\" width=\"1024\" height=\"693\" src=\"https:\/\/www.siprum.cz\/wp-content\/uploads\/2025\/04\/output-1024x693.png\" alt=\"\" class=\"wp-image-359\" srcset=\"https:\/\/www.siprum.cz\/wp-content\/uploads\/2025\/04\/output-1024x693.png 1024w, https:\/\/www.siprum.cz\/wp-content\/uploads\/2025\/04\/output-300x203.png 300w, https:\/\/www.siprum.cz\/wp-content\/uploads\/2025\/04\/output-768x520.png 768w, https:\/\/www.siprum.cz\/wp-content\/uploads\/2025\/04\/output.png 1425w\" sizes=\"auto, (max-width: 1024px) 100vw, 1024px\" \/><\/figure>\n<\/div>\n\n\n\n<div class=\"wp-block-column is-layout-flow wp-block-column-is-layout-flow\" style=\"flex-basis:66.66%\">\n<p>Ve spole\u010dnosti <strong>SIPRUM s.r.o.<\/strong> klademe velk\u00fd d\u016fraz na kvalitu na\u0161ich v\u00fdrobk\u016f.<br \/>Ji\u017e nyn\u00ed m\u00e1me intern\u011b nastaven\u00e9 procesy a kontroln\u00ed mechanismy v souladu s po\u017eadavky ISO 9001. Ve\u0161ker\u00e1 v\u00fdroba prob\u00edh\u00e1 podle princip\u016f syst\u00e9mu \u0159\u00edzen\u00ed kvality, kter\u00e9 zaji\u0161\u0165uj\u00ed stabilitu, opakovatelnost a vysok\u00fd standard na\u0161ich slu\u017eeb i produkt\u016f.<\/p>\n<\/div>\n<\/div>\n<\/div>\n<\/div>\n\n\n\n<p>Z\u00e1rove\u0148 se p\u0159ipravujeme na spln\u011bn\u00ed dal\u0161\u00edch po\u017eadavk\u016f a z\u00edsk\u00e1n\u00ed p\u0159\u00edslu\u0161n\u00fdch certifikac\u00ed vztahuj\u00edc\u00edch se k oblasti v\u00fdroby jedno\u00fa\u010delov\u00fdch stroj\u016f, za\u0159\u00edzen\u00ed a ocelov\u00fdch konstrukc\u00ed. Na\u0161e intern\u00ed sm\u011brnice a pracovn\u00ed postupy jsou od po\u010d\u00e1tku nastavov\u00e1ny tak, aby byly v souladu s technick\u00fdmi normami \u010cSN, EN a dal\u0161\u00edmi platn\u00fdmi p\u0159edpisy.<\/p>\n\n\n\n<div class=\"wp-block-columns is-layout-flex wp-container-core-columns-is-layout-9d6595d7 wp-block-columns-is-layout-flex\">\n<div class=\"wp-block-column is-layout-flow wp-block-column-is-layout-flow\">\n<h6 style=\"text-align: center;\"><strong data-start=\"870\" data-end=\"924\">Pot\u0159ebujete technick\u00e9 \u0159e\u0161en\u00ed nebo cenovou nab\u00eddku?<\/strong><br data-start=\"924\" data-end=\"927\" \/>Kontaktujte n\u00e1s na \ud83d\udce7 <a class=\"decorated-link cursor-pointer\" rel=\"noopener\" data-start=\"951\" data-end=\"969\">poptavky@siprum.cz<\/a> nebo \ud83d\udcde +420 770 670 240<\/h6>\n<\/div>\n<\/div>\n\n\n\n<p><\/p>\n","protected":false},"excerpt":{"rendered":"<p>Spole\u010dnost SIPRUM s.r.o. je rodinn\u00e1 firma, kter\u00e1 stav\u00ed na pevn\u00fdch z\u00e1kladech dlouholet\u00fdch zku\u0161enost\u00ed v oblasti stroj\u00edrenstv\u00ed. N\u00e1\u0161 t\u00fdm tvo\u0159\u00ed specialist\u00e9 s v\u00edce ne\u017e 15 lety praxe ve v\u00fdvoji a v\u00fdrob\u011b jedno\u00fa\u010delov\u00fdch stroj\u016f, ocelov\u00fdch konstrukc\u00ed, strojn\u00edch za\u0159\u00edzen\u00ed a mont\u00e1\u017en\u00edch p\u0159\u00edpravk\u016f. D\u00edky t\u00e9to odbornosti dod\u00e1v\u00e1me technologicky vysp\u011bl\u00e1 \u0159e\u0161en\u00ed, kter\u00e1 odpov\u00eddaj\u00ed pot\u0159eb\u00e1m v\u00fdrobn\u00edch podnik\u016f v\u0161ech velikost\u00ed. Ve spole\u010dnosti &#8230; <a title=\"O n\u00e1s\" class=\"read-more\" href=\"https:\/\/www.siprum.cz\/index.php\/o-nas\/\" aria-label=\"\u010c\u00edst v\u00edce o O n\u00e1s\">\u010c\u00edst d\u00e1l<\/a><\/p>\n","protected":false},"author":1,"featured_media":0,"parent":0,"menu_order":1,"comment_status":"closed","ping_status":"closed","template":"","meta":{"footnotes":""},"class_list":["post-53","page","type-page","status-publish"],"yoast_head":"<!-- This site is optimized with the Yoast SEO plugin v27.5 - https:\/\/yoast.com\/product\/yoast-seo-wordpress\/ -->\n<title>O n\u00e1s -<\/title>\n<meta name=\"robots\" content=\"index, follow, max-snippet:-1, max-image-preview:large, max-video-preview:-1\" \/>\n<link rel=\"canonical\" href=\"https:\/\/www.siprum.cz\/index.php\/o-nas\/\" \/>\n<meta property=\"og:locale\" content=\"cs_CZ\" \/>\n<meta property=\"og:type\" content=\"article\" \/>\n<meta property=\"og:title\" content=\"O n\u00e1s -\" \/>\n<meta property=\"og:description\" content=\"Spole\u010dnost SIPRUM s.r.o. je rodinn\u00e1 firma, kter\u00e1 stav\u00ed na pevn\u00fdch z\u00e1kladech dlouholet\u00fdch zku\u0161enost\u00ed v oblasti stroj\u00edrenstv\u00ed. N\u00e1\u0161 t\u00fdm tvo\u0159\u00ed specialist\u00e9 s v\u00edce ne\u017e 15 lety praxe ve v\u00fdvoji a v\u00fdrob\u011b jedno\u00fa\u010delov\u00fdch stroj\u016f, ocelov\u00fdch konstrukc\u00ed, strojn\u00edch za\u0159\u00edzen\u00ed a mont\u00e1\u017en\u00edch p\u0159\u00edpravk\u016f. D\u00edky t\u00e9to odbornosti dod\u00e1v\u00e1me technologicky vysp\u011bl\u00e1 \u0159e\u0161en\u00ed, kter\u00e1 odpov\u00eddaj\u00ed pot\u0159eb\u00e1m v\u00fdrobn\u00edch podnik\u016f v\u0161ech velikost\u00ed. Ve spole\u010dnosti ... \u010c\u00edst d\u00e1l\" \/>\n<meta property=\"og:url\" content=\"https:\/\/www.siprum.cz\/index.php\/o-nas\/\" \/>\n<meta property=\"article:modified_time\" content=\"2026-01-24T22:56:11+00:00\" \/>\n<meta property=\"og:image\" content=\"https:\/\/www.siprum.cz\/wp-content\/uploads\/2025\/04\/ChatGPT-Image-21.-4.-2025-20_33_54-1024x683.png\" \/>\n\t<meta property=\"og:image:width\" content=\"1024\" \/>\n\t<meta property=\"og:image:height\" content=\"683\" \/>\n\t<meta property=\"og:image:type\" content=\"image\/png\" \/>\n<meta name=\"twitter:card\" content=\"summary_large_image\" \/>\n<meta name=\"twitter:label1\" content=\"Odhadovan\u00e1 doba \u010dten\u00ed\" \/>\n\t<meta name=\"twitter:data1\" content=\"2 minuty\" \/>\n<script type=\"application\/ld+json\" class=\"yoast-schema-graph\">{\"@context\":\"https:\\\/\\\/schema.org\",\"@graph\":[{\"@type\":\"WebPage\",\"@id\":\"https:\\\/\\\/www.siprum.cz\\\/index.php\\\/o-nas\\\/\",\"url\":\"https:\\\/\\\/www.siprum.cz\\\/index.php\\\/o-nas\\\/\",\"name\":\"O n\u00e1s -\",\"isPartOf\":{\"@id\":\"https:\\\/\\\/www.siprum.cz\\\/#website\"},\"primaryImageOfPage\":{\"@id\":\"https:\\\/\\\/www.siprum.cz\\\/index.php\\\/o-nas\\\/#primaryimage\"},\"image\":{\"@id\":\"https:\\\/\\\/www.siprum.cz\\\/index.php\\\/o-nas\\\/#primaryimage\"},\"thumbnailUrl\":\"https:\\\/\\\/www.siprum.cz\\\/wp-content\\\/uploads\\\/2025\\\/04\\\/ChatGPT-Image-21.-4.-2025-20_33_54-1024x683.png\",\"datePublished\":\"2025-04-04T20:12:08+00:00\",\"dateModified\":\"2026-01-24T22:56:11+00:00\",\"breadcrumb\":{\"@id\":\"https:\\\/\\\/www.siprum.cz\\\/index.php\\\/o-nas\\\/#breadcrumb\"},\"inLanguage\":\"cs\",\"potentialAction\":[{\"@type\":\"ReadAction\",\"target\":[\"https:\\\/\\\/www.siprum.cz\\\/index.php\\\/o-nas\\\/\"]}]},{\"@type\":\"ImageObject\",\"inLanguage\":\"cs\",\"@id\":\"https:\\\/\\\/www.siprum.cz\\\/index.php\\\/o-nas\\\/#primaryimage\",\"url\":\"https:\\\/\\\/www.siprum.cz\\\/wp-content\\\/uploads\\\/2025\\\/04\\\/ChatGPT-Image-21.-4.-2025-20_33_54.png\",\"contentUrl\":\"https:\\\/\\\/www.siprum.cz\\\/wp-content\\\/uploads\\\/2025\\\/04\\\/ChatGPT-Image-21.-4.-2025-20_33_54.png\",\"width\":1536,\"height\":1024},{\"@type\":\"BreadcrumbList\",\"@id\":\"https:\\\/\\\/www.siprum.cz\\\/index.php\\\/o-nas\\\/#breadcrumb\",\"itemListElement\":[{\"@type\":\"ListItem\",\"position\":1,\"name\":\"Dom\u016f\",\"item\":\"https:\\\/\\\/www.siprum.cz\\\/\"},{\"@type\":\"ListItem\",\"position\":2,\"name\":\"O n\u00e1s\"}]},{\"@type\":\"WebSite\",\"@id\":\"https:\\\/\\\/www.siprum.cz\\\/#website\",\"url\":\"https:\\\/\\\/www.siprum.cz\\\/\",\"name\":\"SIPRUM\",\"description\":\"\",\"publisher\":{\"@id\":\"https:\\\/\\\/www.siprum.cz\\\/#organization\"},\"potentialAction\":[{\"@type\":\"SearchAction\",\"target\":{\"@type\":\"EntryPoint\",\"urlTemplate\":\"https:\\\/\\\/www.siprum.cz\\\/?s={search_term_string}\"},\"query-input\":{\"@type\":\"PropertyValueSpecification\",\"valueRequired\":true,\"valueName\":\"search_term_string\"}}],\"inLanguage\":\"cs\"},{\"@type\":\"Organization\",\"@id\":\"https:\\\/\\\/www.siprum.cz\\\/#organization\",\"name\":\"SIPRUM s.r.o.\",\"url\":\"https:\\\/\\\/www.siprum.cz\\\/\",\"logo\":{\"@type\":\"ImageObject\",\"inLanguage\":\"cs\",\"@id\":\"https:\\\/\\\/www.siprum.cz\\\/#\\\/schema\\\/logo\\\/image\\\/\",\"url\":\"https:\\\/\\\/www.siprum.cz\\\/wp-content\\\/uploads\\\/2025\\\/04\\\/logo.png\",\"contentUrl\":\"https:\\\/\\\/www.siprum.cz\\\/wp-content\\\/uploads\\\/2025\\\/04\\\/logo.png\",\"width\":622,\"height\":341,\"caption\":\"SIPRUM s.r.o.\"},\"image\":{\"@id\":\"https:\\\/\\\/www.siprum.cz\\\/#\\\/schema\\\/logo\\\/image\\\/\"}}]}<\/script>\n<!-- \/ Yoast SEO plugin. -->","yoast_head_json":{"title":"O n\u00e1s -","robots":{"index":"index","follow":"follow","max-snippet":"max-snippet:-1","max-image-preview":"max-image-preview:large","max-video-preview":"max-video-preview:-1"},"canonical":"https:\/\/www.siprum.cz\/index.php\/o-nas\/","og_locale":"cs_CZ","og_type":"article","og_title":"O n\u00e1s -","og_description":"Spole\u010dnost SIPRUM s.r.o. je rodinn\u00e1 firma, kter\u00e1 stav\u00ed na pevn\u00fdch z\u00e1kladech dlouholet\u00fdch zku\u0161enost\u00ed v oblasti stroj\u00edrenstv\u00ed. N\u00e1\u0161 t\u00fdm tvo\u0159\u00ed specialist\u00e9 s v\u00edce ne\u017e 15 lety praxe ve v\u00fdvoji a v\u00fdrob\u011b jedno\u00fa\u010delov\u00fdch stroj\u016f, ocelov\u00fdch konstrukc\u00ed, strojn\u00edch za\u0159\u00edzen\u00ed a mont\u00e1\u017en\u00edch p\u0159\u00edpravk\u016f. D\u00edky t\u00e9to odbornosti dod\u00e1v\u00e1me technologicky vysp\u011bl\u00e1 \u0159e\u0161en\u00ed, kter\u00e1 odpov\u00eddaj\u00ed pot\u0159eb\u00e1m v\u00fdrobn\u00edch podnik\u016f v\u0161ech velikost\u00ed. Ve spole\u010dnosti ... \u010c\u00edst d\u00e1l","og_url":"https:\/\/www.siprum.cz\/index.php\/o-nas\/","article_modified_time":"2026-01-24T22:56:11+00:00","og_image":[{"width":1024,"height":683,"url":"https:\/\/www.siprum.cz\/wp-content\/uploads\/2025\/04\/ChatGPT-Image-21.-4.-2025-20_33_54-1024x683.png","type":"image\/png"}],"twitter_card":"summary_large_image","twitter_misc":{"Odhadovan\u00e1 doba \u010dten\u00ed":"2 minuty"},"schema":{"@context":"https:\/\/schema.org","@graph":[{"@type":"WebPage","@id":"https:\/\/www.siprum.cz\/index.php\/o-nas\/","url":"https:\/\/www.siprum.cz\/index.php\/o-nas\/","name":"O n\u00e1s -","isPartOf":{"@id":"https:\/\/www.siprum.cz\/#website"},"primaryImageOfPage":{"@id":"https:\/\/www.siprum.cz\/index.php\/o-nas\/#primaryimage"},"image":{"@id":"https:\/\/www.siprum.cz\/index.php\/o-nas\/#primaryimage"},"thumbnailUrl":"https:\/\/www.siprum.cz\/wp-content\/uploads\/2025\/04\/ChatGPT-Image-21.-4.-2025-20_33_54-1024x683.png","datePublished":"2025-04-04T20:12:08+00:00","dateModified":"2026-01-24T22:56:11+00:00","breadcrumb":{"@id":"https:\/\/www.siprum.cz\/index.php\/o-nas\/#breadcrumb"},"inLanguage":"cs","potentialAction":[{"@type":"ReadAction","target":["https:\/\/www.siprum.cz\/index.php\/o-nas\/"]}]},{"@type":"ImageObject","inLanguage":"cs","@id":"https:\/\/www.siprum.cz\/index.php\/o-nas\/#primaryimage","url":"https:\/\/www.siprum.cz\/wp-content\/uploads\/2025\/04\/ChatGPT-Image-21.-4.-2025-20_33_54.png","contentUrl":"https:\/\/www.siprum.cz\/wp-content\/uploads\/2025\/04\/ChatGPT-Image-21.-4.-2025-20_33_54.png","width":1536,"height":1024},{"@type":"BreadcrumbList","@id":"https:\/\/www.siprum.cz\/index.php\/o-nas\/#breadcrumb","itemListElement":[{"@type":"ListItem","position":1,"name":"Dom\u016f","item":"https:\/\/www.siprum.cz\/"},{"@type":"ListItem","position":2,"name":"O n\u00e1s"}]},{"@type":"WebSite","@id":"https:\/\/www.siprum.cz\/#website","url":"https:\/\/www.siprum.cz\/","name":"SIPRUM","description":"","publisher":{"@id":"https:\/\/www.siprum.cz\/#organization"},"potentialAction":[{"@type":"SearchAction","target":{"@type":"EntryPoint","urlTemplate":"https:\/\/www.siprum.cz\/?s={search_term_string}"},"query-input":{"@type":"PropertyValueSpecification","valueRequired":true,"valueName":"search_term_string"}}],"inLanguage":"cs"},{"@type":"Organization","@id":"https:\/\/www.siprum.cz\/#organization","name":"SIPRUM s.r.o.","url":"https:\/\/www.siprum.cz\/","logo":{"@type":"ImageObject","inLanguage":"cs","@id":"https:\/\/www.siprum.cz\/#\/schema\/logo\/image\/","url":"https:\/\/www.siprum.cz\/wp-content\/uploads\/2025\/04\/logo.png","contentUrl":"https:\/\/www.siprum.cz\/wp-content\/uploads\/2025\/04\/logo.png","width":622,"height":341,"caption":"SIPRUM s.r.o."},"image":{"@id":"https:\/\/www.siprum.cz\/#\/schema\/logo\/image\/"}}]}},"_links":{"self":[{"href":"https:\/\/www.siprum.cz\/index.php\/wp-json\/wp\/v2\/pages\/53","targetHints":{"allow":["GET"]}}],"collection":[{"href":"https:\/\/www.siprum.cz\/index.php\/wp-json\/wp\/v2\/pages"}],"about":[{"href":"https:\/\/www.siprum.cz\/index.php\/wp-json\/wp\/v2\/types\/page"}],"author":[{"embeddable":true,"href":"https:\/\/www.siprum.cz\/index.php\/wp-json\/wp\/v2\/users\/1"}],"replies":[{"embeddable":true,"href":"https:\/\/www.siprum.cz\/index.php\/wp-json\/wp\/v2\/comments?post=53"}],"version-history":[{"count":27,"href":"https:\/\/www.siprum.cz\/index.php\/wp-json\/wp\/v2\/pages\/53\/revisions"}],"predecessor-version":[{"id":840,"href":"https:\/\/www.siprum.cz\/index.php\/wp-json\/wp\/v2\/pages\/53\/revisions\/840"}],"wp:attachment":[{"href":"https:\/\/www.siprum.cz\/index.php\/wp-json\/wp\/v2\/media?parent=53"}],"curies":[{"name":"wp","href":"https:\/\/api.w.org\/{rel}","templated":true}]}}