{"id":84,"date":"2025-04-04T23:21:45","date_gmt":"2025-04-04T21:21:45","guid":{"rendered":"https:\/\/www.siprum.cz\/?page_id=84"},"modified":"2026-02-09T21:52:51","modified_gmt":"2026-02-09T20:52:51","slug":"84-2","status":"publish","type":"page","link":"https:\/\/www.siprum.cz\/","title":{"rendered":""},"content":{"rendered":"\n<div class=\"wp-block-columns is-layout-flex wp-container-core-columns-is-layout-9d6595d7 wp-block-columns-is-layout-flex\">\n<div class=\"wp-block-column is-layout-flow wp-block-column-is-layout-flow\">\n<p data-start=\"84\" data-end=\"355\">Ve spole\u010dnosti <strong data-start=\"99\" data-end=\"116\">SIPRUM s.r.o.<\/strong> zaji\u0161\u0165ujeme kompletn\u00ed proces v\u00fdvoje, v\u00fdroby a instalace ocelov\u00fdch konstrukc\u00ed, jedno\u00fa\u010delov\u00fdch stroj\u016f a strojn\u00edch za\u0159\u00edzen\u00ed. Na\u0161\u00edm c\u00edlem je nab\u00eddnout komplexn\u00ed \u0159e\u0161en\u00ed na kl\u00ed\u010d, kter\u00e9 \u0161et\u0159\u00ed \u010das, minimalizuje starosti a sni\u017euje celkov\u00e9 n\u00e1klady.<\/p>\n<p data-start=\"447\" data-end=\"717\">Hled\u00e1te nov\u00e9ho spolehliv\u00e9ho dodavatele a pt\u00e1te se, pro\u010d oslovit pr\u00e1v\u011b n\u00e1s? Nez\u00e1vazn\u011b pro V\u00e1s zpracujeme cenovou nab\u00eddku v\u010detn\u011b 3D vizualizace zcela zdarma. C\u00edlem na\u0161\u00ed firmy je dod\u00e1vat maxim\u00e1ln\u011b kvalitn\u00ed konstrukce za co nejni\u017e\u0161\u00ed mo\u017en\u00e9 ceny.<\/p>\n<\/div>\n<\/div>\n\n\n\n<div class=\"wp-block-columns is-layout-flex wp-container-core-columns-is-layout-9d6595d7 wp-block-columns-is-layout-flex\">\n<div class=\"wp-block-column is-layout-flow wp-block-column-is-layout-flow\"><div class=\"wp-block-image\">\n<figure class=\"aligncenter size-full\"><img loading=\"lazy\" decoding=\"async\" width=\"680\" height=\"510\" src=\"https:\/\/www.siprum.cz\/wp-content\/uploads\/2025\/04\/IMG_20191113_195840.jpg\" alt=\"\" class=\"wp-image-238\" srcset=\"https:\/\/www.siprum.cz\/wp-content\/uploads\/2025\/04\/IMG_20191113_195840.jpg 680w, https:\/\/www.siprum.cz\/wp-content\/uploads\/2025\/04\/IMG_20191113_195840-300x225.jpg 300w\" sizes=\"auto, (max-width: 680px) 100vw, 680px\" \/><\/figure>\n<\/div><\/div>\n\n\n\n<div class=\"wp-block-column is-layout-flow wp-block-column-is-layout-flow\"><div class=\"wp-block-image\">\n<figure class=\"aligncenter size-large\"><img loading=\"lazy\" decoding=\"async\" width=\"768\" height=\"1024\" src=\"https:\/\/www.siprum.cz\/wp-content\/uploads\/2026\/02\/IMG_7117-768x1024.jpeg\" alt=\"\" class=\"wp-image-864\" srcset=\"https:\/\/www.siprum.cz\/wp-content\/uploads\/2026\/02\/IMG_7117-768x1024.jpeg 768w, https:\/\/www.siprum.cz\/wp-content\/uploads\/2026\/02\/IMG_7117-225x300.jpeg 225w, https:\/\/www.siprum.cz\/wp-content\/uploads\/2026\/02\/IMG_7117-1152x1536.jpeg 1152w, https:\/\/www.siprum.cz\/wp-content\/uploads\/2026\/02\/IMG_7117-1536x2048.jpeg 1536w, https:\/\/www.siprum.cz\/wp-content\/uploads\/2026\/02\/IMG_7117-scaled.jpeg 1920w\" sizes=\"auto, (max-width: 768px) 100vw, 768px\" \/><\/figure>\n<\/div><\/div>\n\n\n\n<div class=\"wp-block-column is-layout-flow wp-block-column-is-layout-flow\"><div class=\"wp-block-image\">\n<figure class=\"aligncenter size-large is-resized\"><img loading=\"lazy\" decoding=\"async\" width=\"559\" height=\"1024\" src=\"https:\/\/www.siprum.cz\/wp-content\/uploads\/2025\/10\/c0880b69-e882-4f88-94b9-2fe7271833c8-4-559x1024.jpeg\" alt=\"\" class=\"wp-image-497\" style=\"aspect-ratio:0.545908295154021;width:150px;height:auto\" srcset=\"https:\/\/www.siprum.cz\/wp-content\/uploads\/2025\/10\/c0880b69-e882-4f88-94b9-2fe7271833c8-4-559x1024.jpeg 559w, https:\/\/www.siprum.cz\/wp-content\/uploads\/2025\/10\/c0880b69-e882-4f88-94b9-2fe7271833c8-4-164x300.jpeg 164w, https:\/\/www.siprum.cz\/wp-content\/uploads\/2025\/10\/c0880b69-e882-4f88-94b9-2fe7271833c8-4-768x1406.jpeg 768w, https:\/\/www.siprum.cz\/wp-content\/uploads\/2025\/10\/c0880b69-e882-4f88-94b9-2fe7271833c8-4-839x1536.jpeg 839w, https:\/\/www.siprum.cz\/wp-content\/uploads\/2025\/10\/c0880b69-e882-4f88-94b9-2fe7271833c8-4.jpeg 874w\" sizes=\"auto, (max-width: 559px) 100vw, 559px\" \/><\/figure>\n<\/div><\/div>\n<\/div>\n\n\n\n<div class=\"wp-block-columns is-layout-flex wp-container-core-columns-is-layout-9d6595d7 wp-block-columns-is-layout-flex\">\n<div class=\"wp-block-column is-layout-flow wp-block-column-is-layout-flow\"><\/div>\n<\/div>\n\n\n\n<div class=\"wp-block-columns is-layout-flex wp-container-core-columns-is-layout-9d6595d7 wp-block-columns-is-layout-flex\">\n<div class=\"wp-block-column is-layout-flow wp-block-column-is-layout-flow\">\n<p style=\"text-align: center;\"><strong data-start=\"870\" data-end=\"924\">Pot\u0159ebujete technick\u00e9 \u0159e\u0161en\u00ed nebo cenovou nab\u00eddku?<\/strong><br data-start=\"924\" data-end=\"927\" \/>Kontaktujte n\u00e1s na \ud83d\udce7 <a class=\"decorated-link cursor-pointer\" rel=\"noopener\" data-start=\"951\" data-end=\"969\">poptavky@siprum.cz<\/a> nebo \ud83d\udcde +420 770 670 240<\/p>\n<\/div>\n<\/div>\n\n\n\n<div class=\"wp-block-columns is-layout-flex wp-container-core-columns-is-layout-9d6595d7 wp-block-columns-is-layout-flex\">\n<div class=\"wp-block-column is-layout-flow wp-block-column-is-layout-flow\"><\/div>\n\n\n\n<div class=\"wp-block-column is-layout-flow wp-block-column-is-layout-flow\"><\/div>\n\n\n\n<div class=\"wp-block-column is-layout-flow wp-block-column-is-layout-flow\"><\/div>\n<\/div>\n","protected":false},"excerpt":{"rendered":"<p>Ve spole\u010dnosti SIPRUM s.r.o. zaji\u0161\u0165ujeme kompletn\u00ed proces v\u00fdvoje, v\u00fdroby a instalace ocelov\u00fdch konstrukc\u00ed, jedno\u00fa\u010delov\u00fdch stroj\u016f a strojn\u00edch za\u0159\u00edzen\u00ed. Na\u0161\u00edm c\u00edlem je nab\u00eddnout komplexn\u00ed \u0159e\u0161en\u00ed na kl\u00ed\u010d, kter\u00e9 \u0161et\u0159\u00ed \u010das, minimalizuje starosti a sni\u017euje celkov\u00e9 n\u00e1klady. Hled\u00e1te nov\u00e9ho spolehliv\u00e9ho dodavatele a pt\u00e1te se, pro\u010d oslovit pr\u00e1v\u011b n\u00e1s? Nez\u00e1vazn\u011b pro V\u00e1s zpracujeme cenovou nab\u00eddku v\u010detn\u011b 3D vizualizace &#8230; <a title=\"\" class=\"read-more\" href=\"https:\/\/www.siprum.cz\/\" aria-label=\"\u010c\u00edst v\u00edce o \">\u010c\u00edst d\u00e1l<\/a><\/p>\n","protected":false},"author":1,"featured_media":0,"parent":0,"menu_order":0,"comment_status":"closed","ping_status":"closed","template":"","meta":{"footnotes":""},"class_list":["post-84","page","type-page","status-publish"],"yoast_head":"<!-- This site is optimized with the Yoast SEO plugin v27.5 - https:\/\/yoast.com\/product\/yoast-seo-wordpress\/ -->\n<title>V\u00ddROBA STROJ\u016e A ZA\u0158\u00cdZEN\u00cd<\/title>\n<meta name=\"description\" content=\"V\u00fdvoj a v\u00fdroba jedno\u00fa\u010delov\u00fdch stroj\u016f, ocelov\u00fdch konstrukc\u00ed a mont\u00e1\u017en\u00edch p\u0159\u00edpravk\u016f. Tvorba technick\u00e9 dokumentace.\" \/>\n<meta name=\"robots\" content=\"index, follow, max-snippet:-1, max-image-preview:large, max-video-preview:-1\" \/>\n<link rel=\"canonical\" href=\"https:\/\/www.siprum.cz\/\" \/>\n<meta property=\"og:locale\" content=\"cs_CZ\" \/>\n<meta property=\"og:type\" content=\"article\" \/>\n<meta property=\"og:title\" content=\"V\u00ddROBA STROJ\u016e A ZA\u0158\u00cdZEN\u00cd\" \/>\n<meta property=\"og:description\" content=\"V\u00fdvoj a v\u00fdroba jedno\u00fa\u010delov\u00fdch stroj\u016f, ocelov\u00fdch konstrukc\u00ed a mont\u00e1\u017en\u00edch p\u0159\u00edpravk\u016f. Tvorba technick\u00e9 dokumentace.\" \/>\n<meta property=\"og:url\" content=\"https:\/\/www.siprum.cz\/\" \/>\n<meta property=\"article:modified_time\" content=\"2026-02-09T20:52:51+00:00\" \/>\n<meta property=\"og:image\" content=\"https:\/\/www.siprum.cz\/wp-content\/uploads\/2025\/04\/IMG_20191113_195840.jpg\" \/>\n\t<meta property=\"og:image:width\" content=\"680\" \/>\n\t<meta property=\"og:image:height\" content=\"510\" \/>\n\t<meta property=\"og:image:type\" content=\"image\/jpeg\" \/>\n<meta name=\"twitter:card\" content=\"summary_large_image\" \/>\n<meta name=\"twitter:label1\" content=\"Odhadovan\u00e1 doba \u010dten\u00ed\" \/>\n\t<meta name=\"twitter:data1\" content=\"2 minuty\" \/>\n<script type=\"application\/ld+json\" class=\"yoast-schema-graph\">{\"@context\":\"https:\\\/\\\/schema.org\",\"@graph\":[{\"@type\":\"WebPage\",\"@id\":\"https:\\\/\\\/www.siprum.cz\\\/\",\"url\":\"https:\\\/\\\/www.siprum.cz\\\/\",\"name\":\"V\u00ddROBA STROJ\u016e A ZA\u0158\u00cdZEN\u00cd\",\"isPartOf\":{\"@id\":\"https:\\\/\\\/www.siprum.cz\\\/#website\"},\"primaryImageOfPage\":{\"@id\":\"https:\\\/\\\/www.siprum.cz\\\/#primaryimage\"},\"image\":{\"@id\":\"https:\\\/\\\/www.siprum.cz\\\/#primaryimage\"},\"thumbnailUrl\":\"https:\\\/\\\/www.siprum.cz\\\/wp-content\\\/uploads\\\/2025\\\/04\\\/IMG_20191113_195840.jpg\",\"datePublished\":\"2025-04-04T21:21:45+00:00\",\"dateModified\":\"2026-02-09T20:52:51+00:00\",\"description\":\"V\u00fdvoj a v\u00fdroba jedno\u00fa\u010delov\u00fdch stroj\u016f, ocelov\u00fdch konstrukc\u00ed a mont\u00e1\u017en\u00edch p\u0159\u00edpravk\u016f. Tvorba technick\u00e9 dokumentace.\",\"inLanguage\":\"cs\",\"potentialAction\":[{\"@type\":\"ReadAction\",\"target\":[\"https:\\\/\\\/www.siprum.cz\\\/\"]}]},{\"@type\":\"ImageObject\",\"inLanguage\":\"cs\",\"@id\":\"https:\\\/\\\/www.siprum.cz\\\/#primaryimage\",\"url\":\"https:\\\/\\\/www.siprum.cz\\\/wp-content\\\/uploads\\\/2025\\\/04\\\/IMG_20191113_195840.jpg\",\"contentUrl\":\"https:\\\/\\\/www.siprum.cz\\\/wp-content\\\/uploads\\\/2025\\\/04\\\/IMG_20191113_195840.jpg\",\"width\":680,\"height\":510},{\"@type\":\"WebSite\",\"@id\":\"https:\\\/\\\/www.siprum.cz\\\/#website\",\"url\":\"https:\\\/\\\/www.siprum.cz\\\/\",\"name\":\"SIPRUM\",\"description\":\"\",\"publisher\":{\"@id\":\"https:\\\/\\\/www.siprum.cz\\\/#organization\"},\"potentialAction\":[{\"@type\":\"SearchAction\",\"target\":{\"@type\":\"EntryPoint\",\"urlTemplate\":\"https:\\\/\\\/www.siprum.cz\\\/?s={search_term_string}\"},\"query-input\":{\"@type\":\"PropertyValueSpecification\",\"valueRequired\":true,\"valueName\":\"search_term_string\"}}],\"inLanguage\":\"cs\"},{\"@type\":\"Organization\",\"@id\":\"https:\\\/\\\/www.siprum.cz\\\/#organization\",\"name\":\"SIPRUM s.r.o.\",\"url\":\"https:\\\/\\\/www.siprum.cz\\\/\",\"logo\":{\"@type\":\"ImageObject\",\"inLanguage\":\"cs\",\"@id\":\"https:\\\/\\\/www.siprum.cz\\\/#\\\/schema\\\/logo\\\/image\\\/\",\"url\":\"https:\\\/\\\/www.siprum.cz\\\/wp-content\\\/uploads\\\/2025\\\/04\\\/logo.png\",\"contentUrl\":\"https:\\\/\\\/www.siprum.cz\\\/wp-content\\\/uploads\\\/2025\\\/04\\\/logo.png\",\"width\":622,\"height\":341,\"caption\":\"SIPRUM s.r.o.\"},\"image\":{\"@id\":\"https:\\\/\\\/www.siprum.cz\\\/#\\\/schema\\\/logo\\\/image\\\/\"}}]}<\/script>\n<!-- \/ Yoast SEO plugin. -->","yoast_head_json":{"title":"V\u00ddROBA STROJ\u016e A ZA\u0158\u00cdZEN\u00cd","description":"V\u00fdvoj a v\u00fdroba jedno\u00fa\u010delov\u00fdch stroj\u016f, ocelov\u00fdch konstrukc\u00ed a mont\u00e1\u017en\u00edch p\u0159\u00edpravk\u016f. Tvorba technick\u00e9 dokumentace.","robots":{"index":"index","follow":"follow","max-snippet":"max-snippet:-1","max-image-preview":"max-image-preview:large","max-video-preview":"max-video-preview:-1"},"canonical":"https:\/\/www.siprum.cz\/","og_locale":"cs_CZ","og_type":"article","og_title":"V\u00ddROBA STROJ\u016e A ZA\u0158\u00cdZEN\u00cd","og_description":"V\u00fdvoj a v\u00fdroba jedno\u00fa\u010delov\u00fdch stroj\u016f, ocelov\u00fdch konstrukc\u00ed a mont\u00e1\u017en\u00edch p\u0159\u00edpravk\u016f. Tvorba technick\u00e9 dokumentace.","og_url":"https:\/\/www.siprum.cz\/","article_modified_time":"2026-02-09T20:52:51+00:00","og_image":[{"width":680,"height":510,"url":"https:\/\/www.siprum.cz\/wp-content\/uploads\/2025\/04\/IMG_20191113_195840.jpg","type":"image\/jpeg"}],"twitter_card":"summary_large_image","twitter_misc":{"Odhadovan\u00e1 doba \u010dten\u00ed":"2 minuty"},"schema":{"@context":"https:\/\/schema.org","@graph":[{"@type":"WebPage","@id":"https:\/\/www.siprum.cz\/","url":"https:\/\/www.siprum.cz\/","name":"V\u00ddROBA STROJ\u016e A ZA\u0158\u00cdZEN\u00cd","isPartOf":{"@id":"https:\/\/www.siprum.cz\/#website"},"primaryImageOfPage":{"@id":"https:\/\/www.siprum.cz\/#primaryimage"},"image":{"@id":"https:\/\/www.siprum.cz\/#primaryimage"},"thumbnailUrl":"https:\/\/www.siprum.cz\/wp-content\/uploads\/2025\/04\/IMG_20191113_195840.jpg","datePublished":"2025-04-04T21:21:45+00:00","dateModified":"2026-02-09T20:52:51+00:00","description":"V\u00fdvoj a v\u00fdroba jedno\u00fa\u010delov\u00fdch stroj\u016f, ocelov\u00fdch konstrukc\u00ed a mont\u00e1\u017en\u00edch p\u0159\u00edpravk\u016f. Tvorba technick\u00e9 dokumentace.","inLanguage":"cs","potentialAction":[{"@type":"ReadAction","target":["https:\/\/www.siprum.cz\/"]}]},{"@type":"ImageObject","inLanguage":"cs","@id":"https:\/\/www.siprum.cz\/#primaryimage","url":"https:\/\/www.siprum.cz\/wp-content\/uploads\/2025\/04\/IMG_20191113_195840.jpg","contentUrl":"https:\/\/www.siprum.cz\/wp-content\/uploads\/2025\/04\/IMG_20191113_195840.jpg","width":680,"height":510},{"@type":"WebSite","@id":"https:\/\/www.siprum.cz\/#website","url":"https:\/\/www.siprum.cz\/","name":"SIPRUM","description":"","publisher":{"@id":"https:\/\/www.siprum.cz\/#organization"},"potentialAction":[{"@type":"SearchAction","target":{"@type":"EntryPoint","urlTemplate":"https:\/\/www.siprum.cz\/?s={search_term_string}"},"query-input":{"@type":"PropertyValueSpecification","valueRequired":true,"valueName":"search_term_string"}}],"inLanguage":"cs"},{"@type":"Organization","@id":"https:\/\/www.siprum.cz\/#organization","name":"SIPRUM s.r.o.","url":"https:\/\/www.siprum.cz\/","logo":{"@type":"ImageObject","inLanguage":"cs","@id":"https:\/\/www.siprum.cz\/#\/schema\/logo\/image\/","url":"https:\/\/www.siprum.cz\/wp-content\/uploads\/2025\/04\/logo.png","contentUrl":"https:\/\/www.siprum.cz\/wp-content\/uploads\/2025\/04\/logo.png","width":622,"height":341,"caption":"SIPRUM s.r.o."},"image":{"@id":"https:\/\/www.siprum.cz\/#\/schema\/logo\/image\/"}}]}},"_links":{"self":[{"href":"https:\/\/www.siprum.cz\/index.php\/wp-json\/wp\/v2\/pages\/84","targetHints":{"allow":["GET"]}}],"collection":[{"href":"https:\/\/www.siprum.cz\/index.php\/wp-json\/wp\/v2\/pages"}],"about":[{"href":"https:\/\/www.siprum.cz\/index.php\/wp-json\/wp\/v2\/types\/page"}],"author":[{"embeddable":true,"href":"https:\/\/www.siprum.cz\/index.php\/wp-json\/wp\/v2\/users\/1"}],"replies":[{"embeddable":true,"href":"https:\/\/www.siprum.cz\/index.php\/wp-json\/wp\/v2\/comments?post=84"}],"version-history":[{"count":59,"href":"https:\/\/www.siprum.cz\/index.php\/wp-json\/wp\/v2\/pages\/84\/revisions"}],"predecessor-version":[{"id":909,"href":"https:\/\/www.siprum.cz\/index.php\/wp-json\/wp\/v2\/pages\/84\/revisions\/909"}],"wp:attachment":[{"href":"https:\/\/www.siprum.cz\/index.php\/wp-json\/wp\/v2\/media?parent=84"}],"curies":[{"name":"wp","href":"https:\/\/api.w.org\/{rel}","templated":true}]}}